{"id":187,"date":"2024-04-17T14:32:14","date_gmt":"2024-04-17T12:32:14","guid":{"rendered":"https:\/\/www.exmcompany.com\/?page_id=187"},"modified":"2024-04-17T15:11:49","modified_gmt":"2024-04-17T13:11:49","slug":"studio-3d","status":"publish","type":"page","link":"https:\/\/www.exmcompany.com\/index.php\/studio-3d\/","title":{"rendered":"Studio 3D"},"content":{"rendered":"\n<p><a href=\"https:\/\/www.3d.exmcompany.com\" data-type=\"link\" data-id=\"https:\/\/www.3d.exmcompany.com\">Visitez le site web de notre studio 3D exm company<\/a><\/p>\n\n\n\n<div class=\"wp-block-columns is-layout-flex wp-container-core-columns-is-layout-28f84493 wp-block-columns-is-layout-flex\">\n<div class=\"wp-block-column is-layout-flow wp-block-column-is-layout-flow\">\n<figure class=\"wp-block-video\"><video height=\"1080\" style=\"aspect-ratio: 1920 \/ 1080;\" width=\"1920\" autoplay controls loop poster=\"https:\/\/www.exmcompany.com\/wp-content\/uploads\/2024\/04\/video_studio_3d_exmcompany.png\" src=\"https:\/\/www.exmcompany.com\/wp-content\/uploads\/2024\/04\/ExmDemoReel2022.mp4\"><\/video><\/figure>\n<\/div>\n\n\n\n<div class=\"wp-block-column is-layout-flow wp-block-column-is-layout-flow\">\n<ul class=\"wp-block-list\">\n<li>Rendus photo-r\u00e9alistes<\/li>\n\n\n\n<li>Animation 3D<\/li>\n\n\n\n<li>Compositing &amp; post-production<\/li>\n\n\n\n<li>Virtual tour &amp; r\u00e9alit\u00e9 virtuelle<\/li>\n\n\n\n<li>CAD \u2013 Mod\u00e9lisation<\/li>\n<\/ul>\n<\/div>\n<\/div>\n\n\n\n<p>Le studio 3D d&rsquo;exm company est sp\u00e9cialiste dans la cr\u00e9ation de rendus <strong>photo-r\u00e9alistes<\/strong> pour ses clients industriels, permettant ainsi \u00e0 ces derniers de visualiser leurs produits durant la phase de conception.<\/p>\n\n\n\n<p>En plus des rendus, le studio excelle dans l&rsquo;<strong>animation 3D<\/strong>, en r\u00e9alisant des animations r\u00e9alistes pour divers projets, allant de la simulation du mouvement d&rsquo;un compteur d&rsquo;eau \u00e0 la mod\u00e9lisation de satellites.<\/p>\n\n\n\n<p>En outre, exm company offre des services de <strong>compositing <\/strong>et de <strong>post-production<\/strong> pour enrichir les animations avec des \u00e9l\u00e9ments r\u00e9alistes et cr\u00e9dibles.<\/p>\n\n\n\n<p>L&rsquo;entreprise propose \u00e9galement des <strong>solutions immersives<\/strong> en <strong>r\u00e9alit\u00e9 virtuelle<\/strong> pour une visualisation encore plus immersive des projets. Enfin, le studio ma\u00eetrise l&rsquo;art de la mod\u00e9lisation CAD, assurant ainsi une base solide pour tous les projets 3D, en int\u00e9grant et en traitant les mod\u00e8les CAD pour une utilisation dans leur pipeline de production.<\/p>\n\n\n\n<figure class=\"wp-block-gallery has-nested-images columns-3 is-cropped wp-block-gallery-1 is-layout-flex wp-block-gallery-is-layout-flex\">\n<figure class=\"wp-block-image size-full\"><a href=\"https:\/\/www.exmcompany.com\/wp-content\/uploads\/2024\/04\/exmcompany_Rendu_3D.jpg\"><img fetchpriority=\"high\" decoding=\"async\" width=\"1024\" height=\"636\" data-id=\"191\" src=\"https:\/\/www.exmcompany.com\/wp-content\/uploads\/2024\/04\/exmcompany_Rendu_3D.jpg\" alt=\"\" class=\"wp-image-191\" srcset=\"https:\/\/www.exmcompany.com\/wp-content\/uploads\/2024\/04\/exmcompany_Rendu_3D.jpg 1024w, https:\/\/www.exmcompany.com\/wp-content\/uploads\/2024\/04\/exmcompany_Rendu_3D-300x186.jpg 300w, https:\/\/www.exmcompany.com\/wp-content\/uploads\/2024\/04\/exmcompany_Rendu_3D-768x477.jpg 768w\" sizes=\"(max-width: 1024px) 100vw, 1024px\" \/><\/a><\/figure>\n\n\n\n<figure class=\"wp-block-image size-full\"><a href=\"https:\/\/www.exmcompany.com\/wp-content\/uploads\/2024\/04\/exmcompany_Animation-3D.jpg\"><img decoding=\"async\" width=\"1024\" height=\"636\" data-id=\"193\" src=\"https:\/\/www.exmcompany.com\/wp-content\/uploads\/2024\/04\/exmcompany_Animation-3D.jpg\" alt=\"\" class=\"wp-image-193\" srcset=\"https:\/\/www.exmcompany.com\/wp-content\/uploads\/2024\/04\/exmcompany_Animation-3D.jpg 1024w, https:\/\/www.exmcompany.com\/wp-content\/uploads\/2024\/04\/exmcompany_Animation-3D-300x186.jpg 300w, https:\/\/www.exmcompany.com\/wp-content\/uploads\/2024\/04\/exmcompany_Animation-3D-768x477.jpg 768w\" sizes=\"(max-width: 1024px) 100vw, 1024px\" \/><\/a><\/figure>\n\n\n\n<figure class=\"wp-block-image size-full\"><a href=\"https:\/\/www.exmcompany.com\/wp-content\/uploads\/2024\/04\/exmcompany_Compositing_3D.jpg\"><img decoding=\"async\" width=\"1024\" height=\"636\" data-id=\"190\" src=\"https:\/\/www.exmcompany.com\/wp-content\/uploads\/2024\/04\/exmcompany_Compositing_3D.jpg\" alt=\"\" class=\"wp-image-190\" srcset=\"https:\/\/www.exmcompany.com\/wp-content\/uploads\/2024\/04\/exmcompany_Compositing_3D.jpg 1024w, https:\/\/www.exmcompany.com\/wp-content\/uploads\/2024\/04\/exmcompany_Compositing_3D-300x186.jpg 300w, https:\/\/www.exmcompany.com\/wp-content\/uploads\/2024\/04\/exmcompany_Compositing_3D-768x477.jpg 768w\" sizes=\"(max-width: 1024px) 100vw, 1024px\" \/><\/a><\/figure>\n\n\n\n<figure class=\"wp-block-image size-full\"><a href=\"https:\/\/www.exmcompany.com\/wp-content\/uploads\/2024\/04\/exmcompany-VR-Virtualtour-3D.jpg\"><img loading=\"lazy\" decoding=\"async\" width=\"1024\" height=\"577\" data-id=\"192\" src=\"https:\/\/www.exmcompany.com\/wp-content\/uploads\/2024\/04\/exmcompany-VR-Virtualtour-3D.jpg\" alt=\"\" class=\"wp-image-192\" srcset=\"https:\/\/www.exmcompany.com\/wp-content\/uploads\/2024\/04\/exmcompany-VR-Virtualtour-3D.jpg 1024w, https:\/\/www.exmcompany.com\/wp-content\/uploads\/2024\/04\/exmcompany-VR-Virtualtour-3D-300x169.jpg 300w, https:\/\/www.exmcompany.com\/wp-content\/uploads\/2024\/04\/exmcompany-VR-Virtualtour-3D-768x433.jpg 768w\" sizes=\"(max-width: 1024px) 100vw, 1024px\" \/><\/a><\/figure>\n\n\n\n<figure class=\"wp-block-image size-full\"><a href=\"https:\/\/www.exmcompany.com\/wp-content\/uploads\/2024\/04\/exmcompany_CAO.jpg\"><img loading=\"lazy\" decoding=\"async\" width=\"1024\" height=\"636\" data-id=\"189\" src=\"https:\/\/www.exmcompany.com\/wp-content\/uploads\/2024\/04\/exmcompany_CAO.jpg\" alt=\"\" class=\"wp-image-189\" srcset=\"https:\/\/www.exmcompany.com\/wp-content\/uploads\/2024\/04\/exmcompany_CAO.jpg 1024w, https:\/\/www.exmcompany.com\/wp-content\/uploads\/2024\/04\/exmcompany_CAO-300x186.jpg 300w, https:\/\/www.exmcompany.com\/wp-content\/uploads\/2024\/04\/exmcompany_CAO-768x477.jpg 768w\" sizes=\"(max-width: 1024px) 100vw, 1024px\" \/><\/a><\/figure>\n<\/figure>\n","protected":false},"excerpt":{"rendered":"<p>Visitez le site web de notre studio 3D exm company Le studio 3D d&rsquo;exm company est sp\u00e9cialiste dans la cr\u00e9ation de rendus photo-r\u00e9alistes pour ses clients industriels, permettant ainsi \u00e0 ces derniers de visualiser leurs produits durant la phase de conception. En plus des rendus, le studio excelle dans l&rsquo;animation 3D, en r\u00e9alisant des animations r\u00e9alistes pour divers projets, allant de la simulation du mouvement d&rsquo;un compteur d&rsquo;eau \u00e0 la mod\u00e9lisation de satellites. En outre, exm company offre des services de compositing et de post-production pour enrichir les animations avec des \u00e9l\u00e9ments r\u00e9alistes et cr\u00e9dibles. L&rsquo;entreprise propose \u00e9galement des solutions immersives en r\u00e9alit\u00e9 virtuelle pour une visualisation encore plus immersive des projets. Enfin, le studio ma\u00eetrise l&rsquo;art de la mod\u00e9lisation CAD, assurant ainsi une base solide pour tous les projets 3D, en int\u00e9grant et en traitant les mod\u00e8les CAD pour une utilisation dans leur pipeline de production.<\/p>\n","protected":false},"author":1,"featured_media":0,"parent":0,"menu_order":0,"comment_status":"closed","ping_status":"closed","template":"","meta":{"site-sidebar-layout":"default","site-content-layout":"","ast-site-content-layout":"","site-content-style":"default","site-sidebar-style":"default","ast-global-header-display":"","ast-banner-title-visibility":"","ast-main-header-display":"","ast-hfb-above-header-display":"","ast-hfb-below-header-display":"","ast-hfb-mobile-header-display":"","site-post-title":"","ast-breadcrumbs-content":"","ast-featured-img":"","footer-sml-layout":"","theme-transparent-header-meta":"","adv-header-id-meta":"","stick-header-meta":"","header-above-stick-meta":"","header-main-stick-meta":"","header-below-stick-meta":"","astra-migrate-meta-layouts":"default","ast-page-background-enabled":"default","ast-page-background-meta":{"desktop":{"background-color":"var(--ast-global-color-4)","background-image":"","background-repeat":"repeat","background-position":"center center","background-size":"auto","background-attachment":"scroll","background-type":"","background-media":"","overlay-type":"","overlay-color":"","overlay-gradient":""},"tablet":{"background-color":"","background-image":"","background-repeat":"repeat","background-position":"center center","background-size":"auto","background-attachment":"scroll","background-type":"","background-media":"","overlay-type":"","overlay-color":"","overlay-gradient":""},"mobile":{"background-color":"","background-image":"","background-repeat":"repeat","background-position":"center center","background-size":"auto","background-attachment":"scroll","background-type":"","background-media":"","overlay-type":"","overlay-color":"","overlay-gradient":""}},"ast-content-background-meta":{"desktop":{"background-color":"var(--ast-global-color-5)","background-image":"","background-repeat":"repeat","background-position":"center center","background-size":"auto","background-attachment":"scroll","background-type":"","background-media":"","overlay-type":"","overlay-color":"","overlay-gradient":""},"tablet":{"background-color":"var(--ast-global-color-5)","background-image":"","background-repeat":"repeat","background-position":"center center","background-size":"auto","background-attachment":"scroll","background-type":"","background-media":"","overlay-type":"","overlay-color":"","overlay-gradient":""},"mobile":{"background-color":"var(--ast-global-color-5)","background-image":"","background-repeat":"repeat","background-position":"center center","background-size":"auto","background-attachment":"scroll","background-type":"","background-media":"","overlay-type":"","overlay-color":"","overlay-gradient":""}},"footnotes":""},"class_list":["post-187","page","type-page","status-publish","hentry"],"_links":{"self":[{"href":"https:\/\/www.exmcompany.com\/index.php\/wp-json\/wp\/v2\/pages\/187","targetHints":{"allow":["GET"]}}],"collection":[{"href":"https:\/\/www.exmcompany.com\/index.php\/wp-json\/wp\/v2\/pages"}],"about":[{"href":"https:\/\/www.exmcompany.com\/index.php\/wp-json\/wp\/v2\/types\/page"}],"author":[{"embeddable":true,"href":"https:\/\/www.exmcompany.com\/index.php\/wp-json\/wp\/v2\/users\/1"}],"replies":[{"embeddable":true,"href":"https:\/\/www.exmcompany.com\/index.php\/wp-json\/wp\/v2\/comments?post=187"}],"version-history":[{"count":9,"href":"https:\/\/www.exmcompany.com\/index.php\/wp-json\/wp\/v2\/pages\/187\/revisions"}],"predecessor-version":[{"id":210,"href":"https:\/\/www.exmcompany.com\/index.php\/wp-json\/wp\/v2\/pages\/187\/revisions\/210"}],"wp:attachment":[{"href":"https:\/\/www.exmcompany.com\/index.php\/wp-json\/wp\/v2\/media?parent=187"}],"curies":[{"name":"wp","href":"https:\/\/api.w.org\/{rel}","templated":true}]}}