{"id":215,"date":"2024-04-17T15:19:41","date_gmt":"2024-04-17T13:19:41","guid":{"rendered":"https:\/\/www.exmcompany.com\/?page_id=215"},"modified":"2025-12-22T11:29:13","modified_gmt":"2025-12-22T10:29:13","slug":"nos-secteurs-d-activites-corporate","status":"publish","type":"page","link":"https:\/\/www.exmcompany.com\/index.php\/nos-secteurs-d-activites-corporate\/","title":{"rendered":"Nos secteurs d\u2019activit\u00e9s Corporate"},"content":{"rendered":"\t\t<div data-elementor-type=\"wp-page\" data-elementor-id=\"215\" class=\"elementor elementor-215\">\n\t\t\t\t<div class=\"elementor-element elementor-element-0cd2488 e-flex e-con-boxed wpr-particle-no wpr-jarallax-no wpr-parallax-no wpr-sticky-section-no wpr-equal-height-no e-con e-parent\" data-id=\"0cd2488\" data-element_type=\"container\" data-e-type=\"container\">\n\t\t\t\t\t<div class=\"e-con-inner\">\n\t\t<div class=\"elementor-element elementor-element-83d5cbe e-con-full e-flex wpr-particle-no wpr-jarallax-no wpr-parallax-no wpr-sticky-section-no wpr-equal-height-no e-con e-child\" data-id=\"83d5cbe\" data-element_type=\"container\" data-e-type=\"container\">\n\t\t\t\t<div class=\"elementor-element elementor-element-101e128 elementor-widget elementor-widget-text-editor\" data-id=\"101e128\" data-element_type=\"widget\" data-e-type=\"widget\" data-widget_type=\"text-editor.default\">\n\t\t\t\t<div class=\"elementor-widget-container\">\n\t\t\t\t\t\t\t\t\t<p>Voici une pr\u00e9sentation d\u00e9di\u00e9e sp\u00e9cifiquement \u00e0 nos clients du secteur d&rsquo;activit\u00e9s Corporate, comme les activit\u00e9s bancaire, d&rsquo;assurances ou minist\u00e8re. Nous sommes conscients que dans un secteur aussi dynamique et r\u00e9glement\u00e9, la communication et la formation sont des piliers essentiels pour le succ\u00e8s des entreprises et de leurs r\u00e9seaux d&rsquo;agences.<br \/><br \/>Nos produits de formation sp\u00e9cialis\u00e9s, tels que nos supports de cours et nos solutions e-learning, sont con\u00e7us pour r\u00e9pondre aux besoins uniques de ce secteur. Que ce soit pour former leur personnel sur les derni\u00e8res r\u00e9glementations, les produits financiers complexes ou les techniques de vente, ou pour communiquer efficacement avec les clients, nos solutions sont incontournables.<\/p>\t\t\t\t\t\t\t\t<\/div>\n\t\t\t\t<\/div>\n\t\t\t\t<\/div>\n\t\t<div class=\"elementor-element elementor-element-bbbf169 e-con-full e-flex wpr-particle-no wpr-jarallax-no wpr-parallax-no wpr-sticky-section-no wpr-equal-height-no e-con e-child\" data-id=\"bbbf169\" data-element_type=\"container\" data-e-type=\"container\">\n\t\t\t\t<div class=\"elementor-element elementor-element-116f677 elementor-widget elementor-widget-video\" data-id=\"116f677\" data-element_type=\"widget\" data-e-type=\"widget\" data-settings=\"{&quot;video_type&quot;:&quot;hosted&quot;,&quot;controls&quot;:&quot;yes&quot;}\" data-widget_type=\"video.default\">\n\t\t\t\t<div class=\"elementor-widget-container\">\n\t\t\t\t\t\t\t<div class=\"e-hosted-video elementor-wrapper elementor-open-inline\">\n\t\t\t\t\t<video class=\"elementor-video\" src=\"https:\/\/www.exmcompany.com\/wp-content\/uploads\/2025\/12\/video_demo_eric.mp4\" controls=\"\" preload=\"metadata\" controlsList=\"nodownload\"><\/video>\n\t\t\t\t<\/div>\n\t\t\t\t\t\t<\/div>\n\t\t\t\t<\/div>\n\t\t\t\t<\/div>\n\t\t\t\t\t<\/div>\n\t\t\t\t<\/div>\n\t\t<div class=\"elementor-element elementor-element-d7181d1 e-flex e-con-boxed wpr-particle-no wpr-jarallax-no wpr-parallax-no wpr-sticky-section-no wpr-equal-height-no e-con e-parent\" data-id=\"d7181d1\" data-element_type=\"container\" data-e-type=\"container\">\n\t\t\t\t\t<div class=\"e-con-inner\">\n\t\t\t\t<div class=\"elementor-element elementor-element-61597e31 elementor-widget__width-initial elementor-widget elementor-widget-text-editor\" data-id=\"61597e31\" data-element_type=\"widget\" data-e-type=\"widget\" data-widget_type=\"text-editor.default\">\n\t\t\t\t<div class=\"elementor-widget-container\">\n\t\t\t\t\t\t\t\t\t\n<p>Explorez quelques exemples de produits et d\u00e9couvrez comment nous pouvons vous aider \u00e0 renforcer vos op\u00e9rations, \u00e0 am\u00e9liorer la satisfaction de vos clients et \u00e0 rester en t\u00eate dans un march\u00e9 concurrentiel.<\/p>\n<h3><strong>Exemple de produits EXM<\/strong><\/h3>\n<ul class=\"wp-block-latest-posts__list has-link-color wp-elements-8ac3c3eae41acb92aac571b76fd1e83d wp-block-latest-posts has-text-color has-ast-global-color-7-color\"><li><div class=\"wp-block-latest-posts__featured-image alignleft\"><a href=\"https:\/\/www.exmcompany.com\/index.php\/corporate\/region-rhone-alpes-auvergne-les-dechets-dangereux\/\" aria-label=\"R\u00e9gion Rh\u00f4ne-Alpes Auvergne &#8211; Les d\u00e9chets dangereux\"><img fetchpriority=\"high\" decoding=\"async\" width=\"300\" height=\"272\" src=\"https:\/\/www.exmcompany.com\/wp-content\/uploads\/2024\/04\/Region_Rhone-Alpes_Auvergne_dechets_dangereux_1-300x272.jpeg\" class=\"attachment-medium size-medium wp-post-image\" alt=\"\" style=\"max-width:225px;max-height:225px;\" srcset=\"https:\/\/www.exmcompany.com\/wp-content\/uploads\/2024\/04\/Region_Rhone-Alpes_Auvergne_dechets_dangereux_1-300x272.jpeg 300w, https:\/\/www.exmcompany.com\/wp-content\/uploads\/2024\/04\/Region_Rhone-Alpes_Auvergne_dechets_dangereux_1.jpeg 477w\" sizes=\"(max-width: 300px) 100vw, 300px\" \/><\/a><\/div><a class=\"wp-block-latest-posts__post-title\" href=\"https:\/\/www.exmcompany.com\/index.php\/corporate\/region-rhone-alpes-auvergne-les-dechets-dangereux\/\">R\u00e9gion Rh\u00f4ne-Alpes Auvergne &#8211; Les d\u00e9chets dangereux<\/a><div class=\"wp-block-latest-posts__post-excerpt\">Les d\u00e9chets dangereux \u2013 site web grand public<\/div><\/li>\n<li><div class=\"wp-block-latest-posts__featured-image alignleft\"><a href=\"https:\/\/www.exmcompany.com\/index.php\/corporate\/region-rhone-alpes-auvergne-lycees-eco-responsables\/\" aria-label=\"R\u00e9gion Rh\u00f4ne-Alpes Auvergne &#8211; Lyc\u00e9es \u00e9co-responsables\"><img decoding=\"async\" width=\"300\" height=\"189\" src=\"https:\/\/www.exmcompany.com\/wp-content\/uploads\/2024\/04\/Region_Rhone-Alpes_Auvergne_Lycees_eco-responsables_2-300x189.jpg\" class=\"attachment-medium size-medium wp-post-image\" alt=\"\" style=\"max-width:225px;max-height:225px;\" srcset=\"https:\/\/www.exmcompany.com\/wp-content\/uploads\/2024\/04\/Region_Rhone-Alpes_Auvergne_Lycees_eco-responsables_2-300x189.jpg 300w, https:\/\/www.exmcompany.com\/wp-content\/uploads\/2024\/04\/Region_Rhone-Alpes_Auvergne_Lycees_eco-responsables_2-768x483.jpg 768w, https:\/\/www.exmcompany.com\/wp-content\/uploads\/2024\/04\/Region_Rhone-Alpes_Auvergne_Lycees_eco-responsables_2.jpg 970w\" sizes=\"(max-width: 300px) 100vw, 300px\" \/><\/a><\/div><a class=\"wp-block-latest-posts__post-title\" href=\"https:\/\/www.exmcompany.com\/index.php\/corporate\/region-rhone-alpes-auvergne-lycees-eco-responsables\/\">R\u00e9gion Rh\u00f4ne-Alpes Auvergne &#8211; Lyc\u00e9es \u00e9co-responsables<\/a><div class=\"wp-block-latest-posts__post-excerpt\">Lyc\u00e9es \u00e9co-responsables \u2013 serious gameSuivi de la vie du Lyc\u00e9e de nos jours puis en 2050 autours de 8 missions th\u00e9matiques li\u00e9es \u00e0 des enqu\u00eates \u00e0 r\u00e9soudre en groupe ou en solo.<\/div><\/li>\n<li><div class=\"wp-block-latest-posts__featured-image alignleft\"><a href=\"https:\/\/www.exmcompany.com\/index.php\/corporate\/inrs-les-fondamentaux-de-la-prevention\/\" aria-label=\"INRS &#8211; Les fondamentaux de la pr\u00e9vention\"><img decoding=\"async\" width=\"300\" height=\"196\" src=\"https:\/\/www.exmcompany.com\/wp-content\/uploads\/2024\/04\/INRS_Les_fondamentaux_de_la_prevention_3-300x196.jpg\" class=\"attachment-medium size-medium wp-post-image\" alt=\"\" style=\"max-width:225px;max-height:225px;\" srcset=\"https:\/\/www.exmcompany.com\/wp-content\/uploads\/2024\/04\/INRS_Les_fondamentaux_de_la_prevention_3-300x196.jpg 300w, https:\/\/www.exmcompany.com\/wp-content\/uploads\/2024\/04\/INRS_Les_fondamentaux_de_la_prevention_3-768x502.jpg 768w, https:\/\/www.exmcompany.com\/wp-content\/uploads\/2024\/04\/INRS_Les_fondamentaux_de_la_prevention_3.jpg 960w\" sizes=\"(max-width: 300px) 100vw, 300px\" \/><\/a><\/div><a class=\"wp-block-latest-posts__post-title\" href=\"https:\/\/www.exmcompany.com\/index.php\/corporate\/inrs-les-fondamentaux-de-la-prevention\/\">INRS &#8211; Les fondamentaux de la pr\u00e9vention<\/a><div class=\"wp-block-latest-posts__post-excerpt\">Parcours de formation \u00e0 distance \u2013 tutor\u00e9 \u2013 histoires et cas m\u00e9tiers fils conducteurs \u2013 style BD r\u00e9aliste \u2013 immersion des l\u2019apprenants via des exercices participatifs.<\/div><\/li>\n<li><div class=\"wp-block-latest-posts__featured-image alignleft\"><a href=\"https:\/\/www.exmcompany.com\/index.php\/corporate\/inrs-chsct\/\" aria-label=\"INRS &#8211; CHSCT\"><img loading=\"lazy\" decoding=\"async\" width=\"300\" height=\"225\" src=\"https:\/\/www.exmcompany.com\/wp-content\/uploads\/2024\/04\/INRS_CHSCT_3-300x225.jpeg\" class=\"attachment-medium size-medium wp-post-image\" alt=\"\" style=\"max-width:225px;max-height:225px;\" srcset=\"https:\/\/www.exmcompany.com\/wp-content\/uploads\/2024\/04\/INRS_CHSCT_3-300x225.jpeg 300w, https:\/\/www.exmcompany.com\/wp-content\/uploads\/2024\/04\/INRS_CHSCT_3-768x576.jpeg 768w, https:\/\/www.exmcompany.com\/wp-content\/uploads\/2024\/04\/INRS_CHSCT_3.jpeg 877w\" sizes=\"(max-width: 300px) 100vw, 300px\" \/><\/a><\/div><a class=\"wp-block-latest-posts__post-title\" href=\"https:\/\/www.exmcompany.com\/index.php\/corporate\/inrs-chsct\/\">INRS &#8211; CHSCT<\/a><div class=\"wp-block-latest-posts__post-excerpt\">CHSCT (50 heures)5 missions permettant d\u2019aborder les diff\u00e9rentes composantes de l\u2019action du CHSCT. TP tutor\u00e9s \u2013 univers BD R\u00e9aliste \u2013 parcours certifiant.<\/div><\/li>\n<li><div class=\"wp-block-latest-posts__featured-image alignleft\"><a href=\"https:\/\/www.exmcompany.com\/index.php\/corporate\/inrs-serious-game-prevention\/\" aria-label=\"INRS &#8211; Serious game pr\u00e9vention\"><img loading=\"lazy\" decoding=\"async\" width=\"300\" height=\"187\" src=\"https:\/\/www.exmcompany.com\/wp-content\/uploads\/2024\/04\/INRS_prevention_Serious_game_1-300x187.png\" class=\"attachment-medium size-medium wp-post-image\" alt=\"\" style=\"max-width:225px;max-height:225px;\" srcset=\"https:\/\/www.exmcompany.com\/wp-content\/uploads\/2024\/04\/INRS_prevention_Serious_game_1-300x187.png 300w, https:\/\/www.exmcompany.com\/wp-content\/uploads\/2024\/04\/INRS_prevention_Serious_game_1-768x480.png 768w, https:\/\/www.exmcompany.com\/wp-content\/uploads\/2024\/04\/INRS_prevention_Serious_game_1.png 959w\" sizes=\"(max-width: 300px) 100vw, 300px\" \/><\/a><\/div><a class=\"wp-block-latest-posts__post-title\" href=\"https:\/\/www.exmcompany.com\/index.php\/corporate\/inrs-serious-game-prevention\/\">INRS &#8211; Serious game pr\u00e9vention<\/a><div class=\"wp-block-latest-posts__post-excerpt\">Animateur de pr\u00e9vention (30 heures)Serious game sous forme de mission \u2013 dispositif permettant d\u2019aborder les diff\u00e9rentes composantes de l\u2019action d\u2019un animateur de pr\u00e9vention \u2013 univers BD R\u00e9aliste \u2013 parcours certifiant \u2013 visite virtuelle de l\u2019entreprise.<\/div><\/li>\n<li><div class=\"wp-block-latest-posts__featured-image alignleft\"><a href=\"https:\/\/www.exmcompany.com\/index.php\/corporate\/keolis-gestion-de-crise\/\" aria-label=\"KEOLIS &#8211; Gestion de crise\"><img loading=\"lazy\" decoding=\"async\" width=\"300\" height=\"207\" src=\"https:\/\/www.exmcompany.com\/wp-content\/uploads\/2024\/04\/KEOLIS_Processus_de_gestion_de_crise_3-300x207.jpg\" class=\"attachment-medium size-medium wp-post-image\" alt=\"\" style=\"max-width:225px;max-height:225px;\" srcset=\"https:\/\/www.exmcompany.com\/wp-content\/uploads\/2024\/04\/KEOLIS_Processus_de_gestion_de_crise_3-300x207.jpg 300w, https:\/\/www.exmcompany.com\/wp-content\/uploads\/2024\/04\/KEOLIS_Processus_de_gestion_de_crise_3.jpg 617w\" sizes=\"(max-width: 300px) 100vw, 300px\" \/><\/a><\/div><a class=\"wp-block-latest-posts__post-title\" href=\"https:\/\/www.exmcompany.com\/index.php\/corporate\/keolis-gestion-de-crise\/\">KEOLIS &#8211; Gestion de crise<\/a><div class=\"wp-block-latest-posts__post-excerpt\">Processus de gestion de crise. E-learning &#8211; Usage web responsive.<\/div><\/li>\n<li><div class=\"wp-block-latest-posts__featured-image alignleft\"><a href=\"https:\/\/www.exmcompany.com\/index.php\/corporate\/credit-agricole-risques-psychosociaux\/\" aria-label=\"CREDIT AGRICOLE &#8211; Risques Psychosociaux\"><img loading=\"lazy\" decoding=\"async\" width=\"300\" height=\"187\" src=\"https:\/\/www.exmcompany.com\/wp-content\/uploads\/2024\/04\/CREDIT_AGRICOLE_Risques_Psychosociaux_1-300x187.jpeg\" class=\"attachment-medium size-medium wp-post-image\" alt=\"\" style=\"max-width:225px;max-height:225px;\" srcset=\"https:\/\/www.exmcompany.com\/wp-content\/uploads\/2024\/04\/CREDIT_AGRICOLE_Risques_Psychosociaux_1-300x187.jpeg 300w, https:\/\/www.exmcompany.com\/wp-content\/uploads\/2024\/04\/CREDIT_AGRICOLE_Risques_Psychosociaux_1-768x479.jpeg 768w, https:\/\/www.exmcompany.com\/wp-content\/uploads\/2024\/04\/CREDIT_AGRICOLE_Risques_Psychosociaux_1.jpeg 1025w\" sizes=\"(max-width: 300px) 100vw, 300px\" \/><\/a><\/div><a class=\"wp-block-latest-posts__post-title\" href=\"https:\/\/www.exmcompany.com\/index.php\/corporate\/credit-agricole-risques-psychosociaux\/\">CREDIT AGRICOLE &#8211; Risques Psychosociaux<\/a><div class=\"wp-block-latest-posts__post-excerpt\">E-learning sur le th\u00e8me des Risques Psychosociaux, sc\u00e9narios interactifs.<\/div><\/li>\n<li><div class=\"wp-block-latest-posts__featured-image alignleft\"><a href=\"https:\/\/www.exmcompany.com\/index.php\/corporate\/bnp-paribas-rse\/\" aria-label=\"BNP Paribas &#8211; RSE\"><img loading=\"lazy\" decoding=\"async\" width=\"300\" height=\"163\" src=\"https:\/\/www.exmcompany.com\/wp-content\/uploads\/2024\/04\/BNP_Paribas_RSE_1-300x163.png\" class=\"attachment-medium size-medium wp-post-image\" alt=\"\" style=\"max-width:225px;max-height:225px;\" srcset=\"https:\/\/www.exmcompany.com\/wp-content\/uploads\/2024\/04\/BNP_Paribas_RSE_1-300x163.png 300w, https:\/\/www.exmcompany.com\/wp-content\/uploads\/2024\/04\/BNP_Paribas_RSE_1-768x416.png 768w, https:\/\/www.exmcompany.com\/wp-content\/uploads\/2024\/04\/BNP_Paribas_RSE_1.png 922w\" sizes=\"(max-width: 300px) 100vw, 300px\" \/><\/a><\/div><a class=\"wp-block-latest-posts__post-title\" href=\"https:\/\/www.exmcompany.com\/index.php\/corporate\/bnp-paribas-rse\/\">BNP Paribas &#8211; RSE<\/a><div class=\"wp-block-latest-posts__post-excerpt\">E-learning &#8211; D\u00e9marche RSE du groupe.<\/div><\/li>\n<li><div class=\"wp-block-latest-posts__featured-image alignleft\"><a href=\"https:\/\/www.exmcompany.com\/index.php\/corporate\/safran-achats-responsables\/\" aria-label=\"SAFRAN &#8211; Achats responsables\"><img loading=\"lazy\" decoding=\"async\" width=\"300\" height=\"186\" src=\"https:\/\/www.exmcompany.com\/wp-content\/uploads\/2024\/04\/SAFRAN_Achats_responsables_2-300x186.jpeg\" class=\"attachment-medium size-medium wp-post-image\" alt=\"\" style=\"max-width:225px;max-height:225px;\" srcset=\"https:\/\/www.exmcompany.com\/wp-content\/uploads\/2024\/04\/SAFRAN_Achats_responsables_2-300x186.jpeg 300w, https:\/\/www.exmcompany.com\/wp-content\/uploads\/2024\/04\/SAFRAN_Achats_responsables_2-1024x636.jpeg 1024w, https:\/\/www.exmcompany.com\/wp-content\/uploads\/2024\/04\/SAFRAN_Achats_responsables_2-768x477.jpeg 768w, https:\/\/www.exmcompany.com\/wp-content\/uploads\/2024\/04\/SAFRAN_Achats_responsables_2.jpeg 1032w\" sizes=\"(max-width: 300px) 100vw, 300px\" \/><\/a><\/div><a class=\"wp-block-latest-posts__post-title\" href=\"https:\/\/www.exmcompany.com\/index.php\/corporate\/safran-achats-responsables\/\">SAFRAN &#8211; Achats responsables<\/a><div class=\"wp-block-latest-posts__post-excerpt\">4 missions interactives pour comprendre les \u00e9tapes cl\u00e9s du processus d&rsquo;achats responsables.<\/div><\/li>\n<li><div class=\"wp-block-latest-posts__featured-image alignleft\"><a href=\"https:\/\/www.exmcompany.com\/index.php\/corporate\/banque-populaire-val-de-france-rse\/\" aria-label=\"BANQUE POPULAIRE Val de France &#8211; RSE\"><img loading=\"lazy\" decoding=\"async\" width=\"300\" height=\"221\" src=\"https:\/\/www.exmcompany.com\/wp-content\/uploads\/2024\/04\/BANQUE_POPULAIRE_RSE_1-1-300x221.jpg\" class=\"attachment-medium size-medium wp-post-image\" alt=\"\" style=\"max-width:225px;max-height:225px;\" srcset=\"https:\/\/www.exmcompany.com\/wp-content\/uploads\/2024\/04\/BANQUE_POPULAIRE_RSE_1-1-300x221.jpg 300w, https:\/\/www.exmcompany.com\/wp-content\/uploads\/2024\/04\/BANQUE_POPULAIRE_RSE_1-1.jpg 718w\" sizes=\"(max-width: 300px) 100vw, 300px\" \/><\/a><\/div><a class=\"wp-block-latest-posts__post-title\" href=\"https:\/\/www.exmcompany.com\/index.php\/corporate\/banque-populaire-val-de-france-rse\/\">BANQUE POPULAIRE Val de France &#8211; RSE<\/a><div class=\"wp-block-latest-posts__post-excerpt\">Parcours p\u00e9dagogique interactif HTML 5 responsive, 3 explorations th\u00e9matiques \u00e0 r\u00e9aliser en agence.<\/div><\/li>\n<\/ul>\t\t\t\t\t\t\t\t<\/div>\n\t\t\t\t<\/div>\n\t\t\t\t\t<\/div>\n\t\t\t\t<\/div>\n\t\t\t\t<\/div>\n\t\t","protected":false},"excerpt":{"rendered":"<p>Voici une pr\u00e9sentation d\u00e9di\u00e9e sp\u00e9cifiquement \u00e0 nos clients du secteur d&rsquo;activit\u00e9s Corporate, comme les activit\u00e9s bancaire, d&rsquo;assurances ou minist\u00e8re. Nous sommes conscients que dans un secteur aussi dynamique et r\u00e9glement\u00e9, la communication et la formation sont des piliers essentiels pour le succ\u00e8s des entreprises et de leurs r\u00e9seaux d&rsquo;agences. Nos produits de formation sp\u00e9cialis\u00e9s, tels que nos supports de cours et nos solutions e-learning, sont con\u00e7us pour r\u00e9pondre aux besoins uniques de ce secteur. Que ce soit pour former leur personnel sur les derni\u00e8res r\u00e9glementations, les produits financiers complexes ou les techniques de vente, ou pour communiquer efficacement avec les clients, nos solutions sont incontournables. https:\/\/www.exmcompany.com\/wp-content\/uploads\/2025\/12\/video_demo_eric.mp4 Explorez quelques exemples de produits et d\u00e9couvrez comment nous pouvons vous aider \u00e0 renforcer vos op\u00e9rations, \u00e0 am\u00e9liorer la satisfaction de vos clients et \u00e0 rester en t\u00eate dans un march\u00e9 concurrentiel. Exemple de produits EXM<\/p>\n","protected":false},"author":1,"featured_media":0,"parent":0,"menu_order":0,"comment_status":"closed","ping_status":"closed","template":"","meta":{"site-sidebar-layout":"default","site-content-layout":"","ast-site-content-layout":"","site-content-style":"default","site-sidebar-style":"default","ast-global-header-display":"","ast-banner-title-visibility":"","ast-main-header-display":"","ast-hfb-above-header-display":"","ast-hfb-below-header-display":"","ast-hfb-mobile-header-display":"","site-post-title":"","ast-breadcrumbs-content":"","ast-featured-img":"","footer-sml-layout":"","theme-transparent-header-meta":"","adv-header-id-meta":"","stick-header-meta":"","header-above-stick-meta":"","header-main-stick-meta":"","header-below-stick-meta":"","astra-migrate-meta-layouts":"default","ast-page-background-enabled":"default","ast-page-background-meta":{"desktop":{"background-color":"var(--ast-global-color-4)","background-image":"","background-repeat":"repeat","background-position":"center center","background-size":"auto","background-attachment":"scroll","background-type":"","background-media":"","overlay-type":"","overlay-color":"","overlay-gradient":""},"tablet":{"background-color":"","background-image":"","background-repeat":"repeat","background-position":"center center","background-size":"auto","background-attachment":"scroll","background-type":"","background-media":"","overlay-type":"","overlay-color":"","overlay-gradient":""},"mobile":{"background-color":"","background-image":"","background-repeat":"repeat","background-position":"center center","background-size":"auto","background-attachment":"scroll","background-type":"","background-media":"","overlay-type":"","overlay-color":"","overlay-gradient":""}},"ast-content-background-meta":{"desktop":{"background-color":"var(--ast-global-color-5)","background-image":"","background-repeat":"repeat","background-position":"center center","background-size":"auto","background-attachment":"scroll","background-type":"","background-media":"","overlay-type":"","overlay-color":"","overlay-gradient":""},"tablet":{"background-color":"var(--ast-global-color-5)","background-image":"","background-repeat":"repeat","background-position":"center center","background-size":"auto","background-attachment":"scroll","background-type":"","background-media":"","overlay-type":"","overlay-color":"","overlay-gradient":""},"mobile":{"background-color":"var(--ast-global-color-5)","background-image":"","background-repeat":"repeat","background-position":"center center","background-size":"auto","background-attachment":"scroll","background-type":"","background-media":"","overlay-type":"","overlay-color":"","overlay-gradient":""}},"footnotes":""},"class_list":["post-215","page","type-page","status-publish","hentry"],"_links":{"self":[{"href":"https:\/\/www.exmcompany.com\/index.php\/wp-json\/wp\/v2\/pages\/215","targetHints":{"allow":["GET"]}}],"collection":[{"href":"https:\/\/www.exmcompany.com\/index.php\/wp-json\/wp\/v2\/pages"}],"about":[{"href":"https:\/\/www.exmcompany.com\/index.php\/wp-json\/wp\/v2\/types\/page"}],"author":[{"embeddable":true,"href":"https:\/\/www.exmcompany.com\/index.php\/wp-json\/wp\/v2\/users\/1"}],"replies":[{"embeddable":true,"href":"https:\/\/www.exmcompany.com\/index.php\/wp-json\/wp\/v2\/comments?post=215"}],"version-history":[{"count":14,"href":"https:\/\/www.exmcompany.com\/index.php\/wp-json\/wp\/v2\/pages\/215\/revisions"}],"predecessor-version":[{"id":927,"href":"https:\/\/www.exmcompany.com\/index.php\/wp-json\/wp\/v2\/pages\/215\/revisions\/927"}],"wp:attachment":[{"href":"https:\/\/www.exmcompany.com\/index.php\/wp-json\/wp\/v2\/media?parent=215"}],"curies":[{"name":"wp","href":"https:\/\/api.w.org\/{rel}","templated":true}]}}