{"id":38,"date":"2024-04-05T10:47:41","date_gmt":"2024-04-05T08:47:41","guid":{"rendered":"https:\/\/www.exmcompany.com\/?page_id=38"},"modified":"2024-05-17T10:59:54","modified_gmt":"2024-05-17T08:59:54","slug":"nos-secteurs-d-activite-industrielles","status":"publish","type":"page","link":"https:\/\/www.exmcompany.com\/index.php\/nos-secteurs-d-activite-industrielles\/","title":{"rendered":"Nos secteurs d\u2019activit\u00e9s Industrielles"},"content":{"rendered":"\n<p>Forts d&rsquo;une expertise de 35 ans, nous avons acquis une r\u00e9putation distingu\u00e9e aupr\u00e8s des acteurs majeurs de l&rsquo;industrie, notamment dans les domaines de l&rsquo;a\u00e9ronautique, du ferroviaire, de l&rsquo;\u00e9nergie et de l&rsquo;espace.<\/p>\n\n\n\n<p>Nous sommes fiers d&rsquo;avoir \u00e9t\u00e9 choisis par ces entreprises industrielles comme partenaire de confiance pour pr\u00e9server et transmettre leur savoir-faire unique. Face aux d\u00e9fis constants auxquels le secteur industriel est confront\u00e9, nous nous engageons \u00e0 fournir des solutions de formation innovantes et efficaces pour r\u00e9pondre \u00e0 ces d\u00e9fis.<\/p>\n\n\n\n<h2 class=\"wp-block-heading\">Exemple de produits exm<\/h2>\n\n\n<ul class=\"wp-block-latest-posts__list has-link-color wp-elements-9475066ba603bb69fe1adda0e870d75b wp-block-latest-posts has-text-color has-ast-global-color-7-color\"><li><div class=\"wp-block-latest-posts__featured-image alignleft\"><a href=\"https:\/\/www.exmcompany.com\/index.php\/industriel\/general-electric-risk-game\/\" aria-label=\"GENERAL ELECTRIC &#8211; Risk game\"><img fetchpriority=\"high\" decoding=\"async\" width=\"300\" height=\"169\" src=\"https:\/\/www.exmcompany.com\/wp-content\/uploads\/2024\/04\/GE_Risk_game-300x169.png\" class=\"attachment-medium size-medium wp-post-image\" alt=\"\" style=\"max-width:225px;max-height:225px;\" srcset=\"https:\/\/www.exmcompany.com\/wp-content\/uploads\/2024\/04\/GE_Risk_game-300x169.png 300w, https:\/\/www.exmcompany.com\/wp-content\/uploads\/2024\/04\/GE_Risk_game-1024x576.png 1024w, https:\/\/www.exmcompany.com\/wp-content\/uploads\/2024\/04\/GE_Risk_game-768x432.png 768w, https:\/\/www.exmcompany.com\/wp-content\/uploads\/2024\/04\/GE_Risk_game.png 1375w\" sizes=\"(max-width: 300px) 100vw, 300px\" \/><\/a><\/div><a class=\"wp-block-latest-posts__post-title\" href=\"https:\/\/www.exmcompany.com\/index.php\/industriel\/general-electric-risk-game\/\">GENERAL ELECTRIC &#8211; Risk game<\/a><div class=\"wp-block-latest-posts__post-excerpt\">Jeu de simulation de gestion de strat\u00e9gie et finance.<\/div><\/li>\n<li><div class=\"wp-block-latest-posts__featured-image alignleft\"><a href=\"https:\/\/www.exmcompany.com\/index.php\/industriel\/safran-centrale-inertielle\/\" aria-label=\"SAFRAN \u2013 Centrale inertielle\"><img decoding=\"async\" width=\"300\" height=\"169\" src=\"https:\/\/www.exmcompany.com\/wp-content\/uploads\/2024\/04\/SAFRAN_Centrale_inertielle_1-300x169.jpeg\" class=\"attachment-medium size-medium wp-post-image\" alt=\"\" style=\"max-width:225px;max-height:225px;\" srcset=\"https:\/\/www.exmcompany.com\/wp-content\/uploads\/2024\/04\/SAFRAN_Centrale_inertielle_1-300x169.jpeg 300w, https:\/\/www.exmcompany.com\/wp-content\/uploads\/2024\/04\/SAFRAN_Centrale_inertielle_1-1024x576.jpeg 1024w, https:\/\/www.exmcompany.com\/wp-content\/uploads\/2024\/04\/SAFRAN_Centrale_inertielle_1-768x432.jpeg 768w, https:\/\/www.exmcompany.com\/wp-content\/uploads\/2024\/04\/SAFRAN_Centrale_inertielle_1.jpeg 1363w\" sizes=\"(max-width: 300px) 100vw, 300px\" \/><\/a><\/div><a class=\"wp-block-latest-posts__post-title\" href=\"https:\/\/www.exmcompany.com\/index.php\/industriel\/safran-centrale-inertielle\/\">SAFRAN \u2013 Centrale inertielle<\/a><div class=\"wp-block-latest-posts__post-excerpt\"><\/div><\/li>\n<li><div class=\"wp-block-latest-posts__featured-image alignleft\"><a href=\"https:\/\/www.exmcompany.com\/index.php\/industriel\/safran-m88-optim88\/\" aria-label=\"SAFRAN \u2013 M88 &amp; OptiM88\"><img decoding=\"async\" width=\"300\" height=\"169\" src=\"https:\/\/www.exmcompany.com\/wp-content\/uploads\/2024\/04\/SAFRAN_M88_OptiM88_1-300x169.jpeg\" class=\"attachment-medium size-medium wp-post-image\" alt=\"\" style=\"max-width:225px;max-height:225px;\" srcset=\"https:\/\/www.exmcompany.com\/wp-content\/uploads\/2024\/04\/SAFRAN_M88_OptiM88_1-300x169.jpeg 300w, https:\/\/www.exmcompany.com\/wp-content\/uploads\/2024\/04\/SAFRAN_M88_OptiM88_1-768x432.jpeg 768w, https:\/\/www.exmcompany.com\/wp-content\/uploads\/2024\/04\/SAFRAN_M88_OptiM88_1.jpeg 1002w\" sizes=\"(max-width: 300px) 100vw, 300px\" \/><\/a><\/div><a class=\"wp-block-latest-posts__post-title\" href=\"https:\/\/www.exmcompany.com\/index.php\/industriel\/safran-m88-optim88\/\">SAFRAN \u2013 M88 &amp; OptiM88<\/a><div class=\"wp-block-latest-posts__post-excerpt\">Ces deux projets ont \u00e9t\u00e9 des d\u00e9fis techniques \u00e0 relever, beaucoup de sch\u00e9mas et proc\u00e9dures parfois tr\u00e8s complexes \u00e0 rendre le plus accessible possible.D\u00e9veloppement d\u2019un outil qui permet au formateur en pr\u00e9sentiel d\u2019adapter sa formation \u00e0 la population cible. R\u00e9alisation \u00e9galement d\u2019\u00e9clat\u00e9s en 3D qui sont projet\u00e9s sur de grands \u00e9crans, ces \u00e9clat\u00e9s sont totalement interactifs et les apprenants viennent<\/div><\/li>\n<li><div class=\"wp-block-latest-posts__featured-image alignleft\"><a href=\"https:\/\/www.exmcompany.com\/index.php\/industriel\/airbus-group-fod-foreign-object-debris\/\" aria-label=\"AIRBUS GROUP \u2013 FOD (Foreign Object Debris)\"><img loading=\"lazy\" decoding=\"async\" width=\"300\" height=\"168\" src=\"https:\/\/www.exmcompany.com\/wp-content\/uploads\/2024\/04\/Airbus_FOD_1-300x168.png\" class=\"attachment-medium size-medium wp-post-image\" alt=\"\" style=\"max-width:225px;max-height:225px;\" srcset=\"https:\/\/www.exmcompany.com\/wp-content\/uploads\/2024\/04\/Airbus_FOD_1-300x168.png 300w, https:\/\/www.exmcompany.com\/wp-content\/uploads\/2024\/04\/Airbus_FOD_1-1024x575.png 1024w, https:\/\/www.exmcompany.com\/wp-content\/uploads\/2024\/04\/Airbus_FOD_1-768x431.png 768w, https:\/\/www.exmcompany.com\/wp-content\/uploads\/2024\/04\/Airbus_FOD_1-1536x862.png 1536w, https:\/\/www.exmcompany.com\/wp-content\/uploads\/2024\/04\/Airbus_FOD_1.png 1785w\" sizes=\"(max-width: 300px) 100vw, 300px\" \/><\/a><\/div><a class=\"wp-block-latest-posts__post-title\" href=\"https:\/\/www.exmcompany.com\/index.php\/industriel\/airbus-group-fod-foreign-object-debris\/\">AIRBUS GROUP \u2013 FOD (Foreign Object Debris)<\/a><div class=\"wp-block-latest-posts__post-excerpt\">En 2023-2024, nous avons d\u00e9velopp\u00e9 pour le groupe AIRBUS un Serious Game de sensibilisation sur les FOD. Les environnements de bureaux sont enti\u00e8rement mod\u00e9lis\u00e9s en 3D. L\u2019application comporte \u00e9galement tout un chapitre ou l\u2019objectif est de trouver et identifier des FOD dans des prises de vue 360 d\u2019appareils AIRBUS tels qu\u2019un A320 ou un A400M (images class\u00e9es confidentielles).\u00a0\u00a0<\/div><\/li>\n<li><div class=\"wp-block-latest-posts__featured-image alignleft\"><a href=\"https:\/\/www.exmcompany.com\/index.php\/industriel\/arianegroup-confluence\/\" aria-label=\"ARIANEGROUP \u2013 CONFLUENCE\"><img loading=\"lazy\" decoding=\"async\" width=\"300\" height=\"161\" src=\"https:\/\/www.exmcompany.com\/wp-content\/uploads\/2024\/04\/ARIANEGROUP_CONFLUENCE_2-300x161.png\" class=\"attachment-medium size-medium wp-post-image\" alt=\"\" style=\"max-width:225px;max-height:225px;\" srcset=\"https:\/\/www.exmcompany.com\/wp-content\/uploads\/2024\/04\/ARIANEGROUP_CONFLUENCE_2-300x161.png 300w, https:\/\/www.exmcompany.com\/wp-content\/uploads\/2024\/04\/ARIANEGROUP_CONFLUENCE_2-1024x551.png 1024w, https:\/\/www.exmcompany.com\/wp-content\/uploads\/2024\/04\/ARIANEGROUP_CONFLUENCE_2-768x413.png 768w, https:\/\/www.exmcompany.com\/wp-content\/uploads\/2024\/04\/ARIANEGROUP_CONFLUENCE_2-1536x826.png 1536w, https:\/\/www.exmcompany.com\/wp-content\/uploads\/2024\/04\/ARIANEGROUP_CONFLUENCE_2.png 1899w\" sizes=\"(max-width: 300px) 100vw, 300px\" \/><\/a><\/div><a class=\"wp-block-latest-posts__post-title\" href=\"https:\/\/www.exmcompany.com\/index.php\/industriel\/arianegroup-confluence\/\">ARIANEGROUP \u2013 CONFLUENCE<\/a><div class=\"wp-block-latest-posts__post-excerpt\">Conception et r\u00e9alisation de plusieurs modules qui vont de la sensibilisation \u00e0 la formation sur les diff\u00e9rentes fonctionnalit\u00e9s de cet outil collaboratif.<\/div><\/li>\n<li><div class=\"wp-block-latest-posts__featured-image alignleft\"><a href=\"https:\/\/www.exmcompany.com\/index.php\/industriel\/arianegroup-sap-fr\/\" aria-label=\"ARIANEGROUP \u2013 SAP FR\"><img loading=\"lazy\" decoding=\"async\" width=\"300\" height=\"170\" src=\"https:\/\/www.exmcompany.com\/wp-content\/uploads\/2024\/04\/ARIANEGROUP_SAP_FR1-300x170.png\" class=\"attachment-medium size-medium wp-post-image\" alt=\"\" style=\"max-width:225px;max-height:225px;\" srcset=\"https:\/\/www.exmcompany.com\/wp-content\/uploads\/2024\/04\/ARIANEGROUP_SAP_FR1-300x170.png 300w, https:\/\/www.exmcompany.com\/wp-content\/uploads\/2024\/04\/ARIANEGROUP_SAP_FR1-1024x579.png 1024w, https:\/\/www.exmcompany.com\/wp-content\/uploads\/2024\/04\/ARIANEGROUP_SAP_FR1-768x434.png 768w, https:\/\/www.exmcompany.com\/wp-content\/uploads\/2024\/04\/ARIANEGROUP_SAP_FR1.png 1306w\" sizes=\"(max-width: 300px) 100vw, 300px\" \/><\/a><\/div><a class=\"wp-block-latest-posts__post-title\" href=\"https:\/\/www.exmcompany.com\/index.php\/industriel\/arianegroup-sap-fr\/\">ARIANEGROUP \u2013 SAP FR<\/a><div class=\"wp-block-latest-posts__post-excerpt\">En 2023 ArianeGroup et EXM Company ont produit une s\u00e9rie de 5 modules destin\u00e9s \u00e0 pr\u00e9senter le fonctionnement du nouvel ERP d\u2019ArianeGroup, SAP \u2013 FR, lanc\u00e9 en janvier 2024.Ces modules r\u00e9alis\u00e9s sous Storyline d\u00e9crit diff\u00e9rents process interne et propose des tutoriels comme \u00ab comment cr\u00e9er une commande d\u2019achat ?\u00bb ou \u00ab Comment pointer ces heures dans SAP-FR ? \u00bb<\/div><\/li>\n<li><div class=\"wp-block-latest-posts__featured-image alignleft\"><a href=\"https:\/\/www.exmcompany.com\/index.php\/industriel\/cite-de-lespace-de-toulouse\/\" aria-label=\"CITE DE L\u2019ESPACE DE TOULOUSE\"><img loading=\"lazy\" decoding=\"async\" width=\"300\" height=\"225\" src=\"https:\/\/www.exmcompany.com\/wp-content\/uploads\/2024\/04\/CITE_DE_L_ESPACE_DE_TOULOUSE_1-300x225.png\" class=\"attachment-medium size-medium wp-post-image\" alt=\"\" style=\"max-width:225px;max-height:225px;\" srcset=\"https:\/\/www.exmcompany.com\/wp-content\/uploads\/2024\/04\/CITE_DE_L_ESPACE_DE_TOULOUSE_1-300x225.png 300w, https:\/\/www.exmcompany.com\/wp-content\/uploads\/2024\/04\/CITE_DE_L_ESPACE_DE_TOULOUSE_1-768x575.png 768w, https:\/\/www.exmcompany.com\/wp-content\/uploads\/2024\/04\/CITE_DE_L_ESPACE_DE_TOULOUSE_1.png 796w\" sizes=\"(max-width: 300px) 100vw, 300px\" \/><\/a><\/div><a class=\"wp-block-latest-posts__post-title\" href=\"https:\/\/www.exmcompany.com\/index.php\/industriel\/cite-de-lespace-de-toulouse\/\">CITE DE L\u2019ESPACE DE TOULOUSE<\/a><div class=\"wp-block-latest-posts__post-excerpt\">Conception et r\u00e9alisation de nombreux supports de communication p\u00e9dagogique pour accompagner les \u00e9l\u00e9ments d\u2019exposition de la Cit\u00e9 de l\u2019Espace. Cet exemple ci-dessous expliquait ce qui se passait dans les boosters d\u2019Ariane5. C\u2019est la SNPE qui a sponsoris\u00e9 cet \u00e9l\u00e9ment d\u2019exposition, ils ont utilis\u00e9 ce support par la suite pour former les nouveaux embauch\u00e9sEXM Company a \u00e9galement travaill\u00e9 pour la cit\u00e9<\/div><\/li>\n<li><div class=\"wp-block-latest-posts__featured-image alignleft\"><a href=\"https:\/\/www.exmcompany.com\/index.php\/industriel\/eads-astrium-observation-desormais-arianegroup\/\" aria-label=\"EADS \u2013 ASTRIUM Observation (d\u00e9sormais ArianeGroup)\"><img loading=\"lazy\" decoding=\"async\" width=\"300\" height=\"225\" src=\"https:\/\/www.exmcompany.com\/wp-content\/uploads\/2024\/04\/EADS\u2013ASTRIUM-Observation_ArianeGroup-300x225.png\" class=\"attachment-medium size-medium wp-post-image\" alt=\"\" style=\"max-width:225px;max-height:225px;\" srcset=\"https:\/\/www.exmcompany.com\/wp-content\/uploads\/2024\/04\/EADS\u2013ASTRIUM-Observation_ArianeGroup-300x225.png 300w, https:\/\/www.exmcompany.com\/wp-content\/uploads\/2024\/04\/EADS\u2013ASTRIUM-Observation_ArianeGroup-768x577.png 768w, https:\/\/www.exmcompany.com\/wp-content\/uploads\/2024\/04\/EADS\u2013ASTRIUM-Observation_ArianeGroup.png 861w\" sizes=\"(max-width: 300px) 100vw, 300px\" \/><\/a><\/div><a class=\"wp-block-latest-posts__post-title\" href=\"https:\/\/www.exmcompany.com\/index.php\/industriel\/eads-astrium-observation-desormais-arianegroup\/\">EADS \u2013 ASTRIUM Observation (d\u00e9sormais ArianeGroup)<\/a><div class=\"wp-block-latest-posts__post-excerpt\">Le studio 3D d\u2019EXM Company a r\u00e9alis\u00e9 pour le compte d\u2019Astrium un tr\u00e8s grand nombre de vues d\u2019artistes de satellites.Ces visuels r\u00e9alis\u00e9s en 3D ont \u00e9t\u00e9 utilis\u00e9s lors de r\u00e9ponses \u00e0 appel d\u2019offres puis comme support de communication.<\/div><\/li>\n<li><div class=\"wp-block-latest-posts__featured-image alignleft\"><a href=\"https:\/\/www.exmcompany.com\/index.php\/industriel\/esa-edrs\/\" aria-label=\"ESA \u2013 EDRS\"><img loading=\"lazy\" decoding=\"async\" width=\"300\" height=\"169\" src=\"https:\/\/www.exmcompany.com\/wp-content\/uploads\/2024\/04\/ESA\u2013EDRS-300x169.png\" class=\"attachment-medium size-medium wp-post-image\" alt=\"\" style=\"max-width:225px;max-height:225px;\" srcset=\"https:\/\/www.exmcompany.com\/wp-content\/uploads\/2024\/04\/ESA\u2013EDRS-300x169.png 300w, https:\/\/www.exmcompany.com\/wp-content\/uploads\/2024\/04\/ESA\u2013EDRS.png 713w\" sizes=\"(max-width: 300px) 100vw, 300px\" \/><\/a><\/div><a class=\"wp-block-latest-posts__post-title\" href=\"https:\/\/www.exmcompany.com\/index.php\/industriel\/esa-edrs\/\">ESA \u2013 EDRS<\/a><div class=\"wp-block-latest-posts__post-excerpt\">Le studio 3D d\u2019EXM a accompagn\u00e9 L\u2019Agence Spatiale Europ\u00e9enne lors du lancement du premier maillon d\u2019EDRS le 30 janvier 2016.Le studio 3D a fourni \u00e0 l\u2019ESA des s\u00e9quences d\u2019animation en image de synth\u00e8se 3D qui ont \u00e9t\u00e9 largement utilis\u00e9es par les m\u00e9dias, Sky, BBC World entre autres pour communiquer sur le concept EDRS de SpaceDataHighway.<\/div><\/li>\n<li><div class=\"wp-block-latest-posts__featured-image alignleft\"><a href=\"https:\/\/www.exmcompany.com\/index.php\/industriel\/airbus-accueil-securite\/\" aria-label=\"AIRBUS &#8211; Accueil s\u00e9curit\u00e9\"><img loading=\"lazy\" decoding=\"async\" width=\"300\" height=\"193\" src=\"https:\/\/www.exmcompany.com\/wp-content\/uploads\/2024\/04\/AIRBUS_Accueil_securite_1-300x193.jpeg\" class=\"attachment-medium size-medium wp-post-image\" alt=\"\" style=\"max-width:225px;max-height:225px;\" srcset=\"https:\/\/www.exmcompany.com\/wp-content\/uploads\/2024\/04\/AIRBUS_Accueil_securite_1-300x193.jpeg 300w, https:\/\/www.exmcompany.com\/wp-content\/uploads\/2024\/04\/AIRBUS_Accueil_securite_1.jpeg 657w\" sizes=\"(max-width: 300px) 100vw, 300px\" \/><\/a><\/div><a class=\"wp-block-latest-posts__post-title\" href=\"https:\/\/www.exmcompany.com\/index.php\/industriel\/airbus-accueil-securite\/\">AIRBUS &#8211; Accueil s\u00e9curit\u00e9<\/a><div class=\"wp-block-latest-posts__post-excerpt\">E-learning &amp; pr\u00e9sentiel, 16 th\u00e9matiques &#8211; Mode web &#8211; multilingues.<\/div><\/li>\n<\/ul>\n\n<section>\n<article><a href=\"https:\/\/www.exmcompany.com\/index.php\/category\/industriel\/energie\/\">Energie, <\/a><a href=\"https:\/\/www.exmcompany.com\/index.php\/category\/industriel\/\">Industriel, <\/a><a href=\"https:\/\/www.exmcompany.com\/index.php\/category\/serious-game\/\">Serious game<\/a><\/p>\n<h2><a target=\"_self\" href=\"https:\/\/www.exmcompany.com\/index.php\/industriel\/general-electric-risk-game\/\" rel=\"noopener\">GENERAL ELECTRIC &#8211; Risk game<\/a><\/h2>\n<\/article>\n<article><a href=\"https:\/\/www.exmcompany.com\/index.php\/category\/industriel\/\">Industriel<\/a><\/p>\n<h2><a target=\"_self\" href=\"https:\/\/www.exmcompany.com\/index.php\/industriel\/safran-centrale-inertielle\/\" rel=\"noopener\">SAFRAN \u2013 Centrale inertielle<\/a><\/h2>\n<\/article>\n<article><a href=\"https:\/\/www.exmcompany.com\/index.php\/category\/3d\/\">3D, <\/a><a href=\"https:\/\/www.exmcompany.com\/index.php\/category\/industriel\/aeronautique\/\">A\u00e9ronautique, <\/a><a href=\"https:\/\/www.exmcompany.com\/index.php\/category\/industriel\/\">Industriel<\/a><\/p>\n<h2><a target=\"_self\" href=\"https:\/\/www.exmcompany.com\/index.php\/industriel\/safran-m88-optim88\/\" rel=\"noopener\">SAFRAN \u2013 M88 &amp; OptiM88<\/a><\/h2>\n<\/article>\n<article><a href=\"https:\/\/www.exmcompany.com\/index.php\/category\/3d\/\">3D, <\/a><a href=\"https:\/\/www.exmcompany.com\/index.php\/category\/industriel\/aeronautique\/\">A\u00e9ronautique, <\/a><a href=\"https:\/\/www.exmcompany.com\/index.php\/category\/industriel\/\">Industriel, <\/a><a href=\"https:\/\/www.exmcompany.com\/index.php\/category\/serious-game\/\">Serious game<\/a><\/p>\n<h2><a target=\"_self\" href=\"https:\/\/www.exmcompany.com\/index.php\/industriel\/airbus-group-fod-foreign-object-debris\/\" rel=\"noopener\">AIRBUS GROUP \u2013 FOD (Foreign Object Debris)<\/a><\/h2>\n<\/article>\n<article><a href=\"https:\/\/www.exmcompany.com\/index.php\/category\/industriel\/\">Industriel, <\/a><a href=\"https:\/\/www.exmcompany.com\/index.php\/category\/industriel\/spatial\/\">Spatial<\/a><\/p>\n<h2><a target=\"_self\" href=\"https:\/\/www.exmcompany.com\/index.php\/industriel\/arianegroup-confluence\/\" rel=\"noopener\">ARIANEGROUP \u2013 CONFLUENCE<\/a><\/h2>\n<\/article>\n<\/section>","protected":false},"excerpt":{"rendered":"<p>Forts d&rsquo;une expertise de 35 ans, nous avons acquis une r\u00e9putation distingu\u00e9e aupr\u00e8s des acteurs majeurs de l&rsquo;industrie, notamment dans les domaines de l&rsquo;a\u00e9ronautique, du ferroviaire, de l&rsquo;\u00e9nergie et de l&rsquo;espace. Nous sommes fiers d&rsquo;avoir \u00e9t\u00e9 choisis par ces entreprises industrielles comme partenaire de confiance pour pr\u00e9server et transmettre leur savoir-faire unique. Face aux d\u00e9fis constants auxquels le secteur industriel est confront\u00e9, nous nous engageons \u00e0 fournir des solutions de formation innovantes et efficaces pour r\u00e9pondre \u00e0 ces d\u00e9fis. Exemple de produits exm Energie, Industriel, Serious game GENERAL ELECTRIC &#8211; Risk game Industriel SAFRAN \u2013 Centrale inertielle 3D, A\u00e9ronautique, Industriel SAFRAN \u2013 M88 &amp; OptiM88 3D, A\u00e9ronautique, Industriel, Serious game AIRBUS GROUP \u2013 FOD (Foreign Object Debris) Industriel, Spatial ARIANEGROUP \u2013 CONFLUENCE<\/p>\n","protected":false},"author":1,"featured_media":0,"parent":0,"menu_order":0,"comment_status":"closed","ping_status":"closed","template":"","meta":{"site-sidebar-layout":"default","site-content-layout":"","ast-site-content-layout":"","site-content-style":"default","site-sidebar-style":"default","ast-global-header-display":"","ast-banner-title-visibility":"","ast-main-header-display":"","ast-hfb-above-header-display":"","ast-hfb-below-header-display":"","ast-hfb-mobile-header-display":"","site-post-title":"","ast-breadcrumbs-content":"","ast-featured-img":"","footer-sml-layout":"","theme-transparent-header-meta":"","adv-header-id-meta":"","stick-header-meta":"","header-above-stick-meta":"","header-main-stick-meta":"","header-below-stick-meta":"","astra-migrate-meta-layouts":"default","ast-page-background-enabled":"default","ast-page-background-meta":{"desktop":{"background-color":"var(--ast-global-color-4)","background-image":"","background-repeat":"repeat","background-position":"center center","background-size":"auto","background-attachment":"scroll","background-type":"","background-media":"","overlay-type":"","overlay-color":"","overlay-gradient":""},"tablet":{"background-color":"","background-image":"","background-repeat":"repeat","background-position":"center center","background-size":"auto","background-attachment":"scroll","background-type":"","background-media":"","overlay-type":"","overlay-color":"","overlay-gradient":""},"mobile":{"background-color":"","background-image":"","background-repeat":"repeat","background-position":"center center","background-size":"auto","background-attachment":"scroll","background-type":"","background-media":"","overlay-type":"","overlay-color":"","overlay-gradient":""}},"ast-content-background-meta":{"desktop":{"background-color":"var(--ast-global-color-5)","background-image":"","background-repeat":"repeat","background-position":"center center","background-size":"auto","background-attachment":"scroll","background-type":"","background-media":"","overlay-type":"","overlay-color":"","overlay-gradient":""},"tablet":{"background-color":"var(--ast-global-color-5)","background-image":"","background-repeat":"repeat","background-position":"center center","background-size":"auto","background-attachment":"scroll","background-type":"","background-media":"","overlay-type":"","overlay-color":"","overlay-gradient":""},"mobile":{"background-color":"var(--ast-global-color-5)","background-image":"","background-repeat":"repeat","background-position":"center center","background-size":"auto","background-attachment":"scroll","background-type":"","background-media":"","overlay-type":"","overlay-color":"","overlay-gradient":""}},"footnotes":""},"class_list":["post-38","page","type-page","status-publish","hentry"],"_links":{"self":[{"href":"https:\/\/www.exmcompany.com\/index.php\/wp-json\/wp\/v2\/pages\/38","targetHints":{"allow":["GET"]}}],"collection":[{"href":"https:\/\/www.exmcompany.com\/index.php\/wp-json\/wp\/v2\/pages"}],"about":[{"href":"https:\/\/www.exmcompany.com\/index.php\/wp-json\/wp\/v2\/types\/page"}],"author":[{"embeddable":true,"href":"https:\/\/www.exmcompany.com\/index.php\/wp-json\/wp\/v2\/users\/1"}],"replies":[{"embeddable":true,"href":"https:\/\/www.exmcompany.com\/index.php\/wp-json\/wp\/v2\/comments?post=38"}],"version-history":[{"count":11,"href":"https:\/\/www.exmcompany.com\/index.php\/wp-json\/wp\/v2\/pages\/38\/revisions"}],"predecessor-version":[{"id":869,"href":"https:\/\/www.exmcompany.com\/index.php\/wp-json\/wp\/v2\/pages\/38\/revisions\/869"}],"wp:attachment":[{"href":"https:\/\/www.exmcompany.com\/index.php\/wp-json\/wp\/v2\/media?parent=38"}],"curies":[{"name":"wp","href":"https:\/\/api.w.org\/{rel}","templated":true}]}}