{"id":892,"date":"2024-08-20T14:46:57","date_gmt":"2024-08-20T12:46:57","guid":{"rendered":"https:\/\/www.exmcompany.com\/?page_id=892"},"modified":"2024-08-20T16:15:52","modified_gmt":"2024-08-20T14:15:52","slug":"nous-rejoindres","status":"publish","type":"page","link":"https:\/\/www.exmcompany.com\/index.php\/nous-rejoindres\/","title":{"rendered":"Recrutement"},"content":{"rendered":"\t\t<div data-elementor-type=\"wp-page\" data-elementor-id=\"892\" class=\"elementor elementor-892\">\n\t\t\t\t<div class=\"elementor-element elementor-element-f07e3ff e-flex e-con-boxed wpr-particle-no wpr-jarallax-no wpr-parallax-no wpr-sticky-section-no wpr-equal-height-no e-con e-parent\" data-id=\"f07e3ff\" data-element_type=\"container\" data-e-type=\"container\">\n\t\t\t\t\t<div class=\"e-con-inner\">\n\t\t\t\t<div class=\"elementor-element elementor-element-d3cd18b elementor-widget elementor-widget-heading\" data-id=\"d3cd18b\" data-element_type=\"widget\" data-e-type=\"widget\" data-widget_type=\"heading.default\">\n\t\t\t\t<div class=\"elementor-widget-container\">\n\t\t\t\t\t<h2 class=\"elementor-heading-title elementor-size-default\">Vous souhaitez\u00a0rejoindre nos \u00e9quipes ?<\/h2>\t\t\t\t<\/div>\n\t\t\t\t<\/div>\n\t\t\t\t\t<\/div>\n\t\t\t\t<\/div>\n\t\t<div class=\"elementor-element elementor-element-ccd7159 e-flex e-con-boxed wpr-particle-no wpr-jarallax-no wpr-parallax-no wpr-sticky-section-no wpr-equal-height-no e-con e-parent\" data-id=\"ccd7159\" data-element_type=\"container\" data-e-type=\"container\">\n\t\t\t\t\t<div class=\"e-con-inner\">\n\t\t\t\t<div class=\"elementor-element elementor-element-6631ae0 elementor-widget elementor-widget-text-editor\" data-id=\"6631ae0\" data-element_type=\"widget\" data-e-type=\"widget\" data-widget_type=\"text-editor.default\">\n\t\t\t\t<div class=\"elementor-widget-container\">\n\t\t\t\t\t\t\t\t\t<p>Nous sommes ravis de votre int\u00e9r\u00eat !<\/p><div id=\"UniqueMessageBody_10\" class=\"XbIp4 G8bTU GNqVo allowTextSelection OuGoX\" tabindex=\"-1\" aria-label=\"Corps du message\"><div><div><div lang=\"fr\"><div><p>Vous \u00eates un jeune ing\u00e9nieur g\u00e9n\u00e9raliste d\u2019une grande \u00e9cole et vous cherchez votre premier emploi, ou vous \u00eates un ing\u00e9nieur ayant d\u00e9j\u00e0 choisi un domaine mais, vous faites partie de la g\u00e9n\u00e9ration qui pr\u00e9f\u00e8re explorer diff\u00e9rents horizons, vous \u00eates curieux, pas question de faire toute votre carri\u00e8re dans une sp\u00e9cialit\u00e9.<\/p><p>Nous vous proposons justement de r\u00e9pondre \u00e0 vos attentes. <br \/><strong>Exm Company<\/strong>, acteur dans le domaine de la transmission de comp\u00e9tences et de connaissances, compte 35 ans d&rsquo;exp\u00e9rience aupr\u00e8s d&rsquo;industriels de renom :<\/p><ul><li>spatial,<\/li><li>nucl\u00e9aire,<\/li><li>a\u00e9ronautique,<\/li><li>ferroviaire,<\/li><li>g\u00e9nie \u00e9lectrique,<\/li><li>missiles,<\/li><li>\u00e9lectronique.<\/li><\/ul><p>Notre proposition consiste \u00e0 vous former en ing\u00e9nierie p\u00e9dagogique, nous attendons de vous, de savoir dialoguer avec les plus grands sp\u00e9cialistes de chaque domaine pour b\u00e2tir les parcours de transmissions selon les objectifs op\u00e9rationnels que vous aurez d\u00e9fini avec les experts et les formateurs.<\/p><p>Nos produits tr\u00e8s sp\u00e9cifiques \u00e0 chaque client, peuvent concerner des demandes internes (assurer la mont\u00e9e en comp\u00e9tences des nouveaux embauch\u00e9s sur des m\u00e9tiers propres \u00e0 nos clients, ou les accompagner aux produits ou syst\u00e8mes qui leur sont d\u00e9velopp\u00e9s, que ce soit pour leur utilisation ou leur maintenance.<\/p><p>Vous b\u00e9n\u00e9ficierez des capacit\u00e9s et de l\u2019exp\u00e9rience de toute une \u00e9quipe de m\u00e9diatisation, afin d&rsquo;illustrer tous les ph\u00e9nom\u00e8nes complexes que vous aurez \u00e0 expliquer aux apprenants, en rendant ces supports attractifs. Ces derniers sont de tout type, simple PPT, e-learning, VR, R\u00e9alit\u00e9 augment\u00e9e, serious game\u2026..<\/p><p><strong>Nos clients sont fid\u00e8les et nous font confiance depuis de nombreuses ann\u00e9es.<\/strong><\/p><p>Changez de domaine, mais faites confiance \u00e0 une soci\u00e9t\u00e9 qui vous fera progresser au rythme de vos ambitions. <br \/>Un bon CV n\u2019est pas un CV qui montre un changement de structure tous les 2 ans, mais un CV qui prouve votre capacit\u00e9 \u00e0 aborder des sujets tr\u00e8s vari\u00e9s r\u00e9guli\u00e8rement. <br \/>Contactez-nous, nous pourrons vous pr\u00e9senter nos r\u00e9f\u00e9rences car \u00e9tant habilit\u00e9s secret, nous ne pouvons communiquer sur nos exp\u00e9riences.<\/p><\/div><\/div><\/div><\/div><\/div><p>Faites nous parvenir votre CV plus lettre de motivation au format PDF, \u00e0 l&rsquo;adresse suivante :<br \/><a href=\"mailto:christelle.paille@exmcompany.com\">christelle.paille@exmcompany.com<\/a><\/p>\t\t\t\t\t\t\t\t<\/div>\n\t\t\t\t<\/div>\n\t\t\t\t\t<\/div>\n\t\t\t\t<\/div>\n\t\t\t\t<\/div>\n\t\t","protected":false},"excerpt":{"rendered":"<p>Vous souhaitez\u00a0rejoindre nos \u00e9quipes ? Nous sommes ravis de votre int\u00e9r\u00eat ! Vous \u00eates un jeune ing\u00e9nieur g\u00e9n\u00e9raliste d\u2019une grande \u00e9cole et vous cherchez votre premier emploi, ou vous \u00eates un ing\u00e9nieur ayant d\u00e9j\u00e0 choisi un domaine mais, vous faites partie de la g\u00e9n\u00e9ration qui pr\u00e9f\u00e8re explorer diff\u00e9rents horizons, vous \u00eates curieux, pas question de faire toute votre carri\u00e8re dans une sp\u00e9cialit\u00e9. Nous vous proposons justement de r\u00e9pondre \u00e0 vos attentes. Exm Company, acteur dans le domaine de la transmission de comp\u00e9tences et de connaissances, compte 35 ans d&rsquo;exp\u00e9rience aupr\u00e8s d&rsquo;industriels de renom : spatial, nucl\u00e9aire, a\u00e9ronautique, ferroviaire, g\u00e9nie \u00e9lectrique, missiles, \u00e9lectronique. Notre proposition consiste \u00e0 vous former en ing\u00e9nierie p\u00e9dagogique, nous attendons de vous, de savoir dialoguer avec les plus grands sp\u00e9cialistes de chaque domaine pour b\u00e2tir les parcours de transmissions selon les objectifs op\u00e9rationnels que vous aurez d\u00e9fini avec les experts et les formateurs. Nos produits tr\u00e8s sp\u00e9cifiques \u00e0 chaque client, peuvent concerner des demandes internes (assurer la mont\u00e9e en comp\u00e9tences des nouveaux embauch\u00e9s sur des m\u00e9tiers propres \u00e0 nos clients, ou les accompagner aux produits ou syst\u00e8mes qui leur sont d\u00e9velopp\u00e9s, que ce soit pour leur utilisation ou leur maintenance. Vous b\u00e9n\u00e9ficierez des capacit\u00e9s et de l\u2019exp\u00e9rience de toute une \u00e9quipe de m\u00e9diatisation, afin d&rsquo;illustrer tous les ph\u00e9nom\u00e8nes complexes que vous aurez \u00e0 expliquer aux apprenants, en rendant ces supports attractifs. Ces derniers sont de tout type, simple PPT, e-learning, VR, R\u00e9alit\u00e9 augment\u00e9e, serious game\u2026.. Nos clients sont fid\u00e8les et nous font confiance depuis de nombreuses ann\u00e9es. Changez de domaine, mais faites confiance \u00e0 une soci\u00e9t\u00e9 qui vous fera progresser au rythme de vos ambitions. Un bon CV n\u2019est pas un CV qui montre un changement de structure tous les 2 ans, mais un CV qui prouve votre capacit\u00e9 \u00e0 aborder des sujets tr\u00e8s vari\u00e9s r\u00e9guli\u00e8rement. Contactez-nous, nous pourrons vous pr\u00e9senter nos r\u00e9f\u00e9rences car \u00e9tant habilit\u00e9s secret, nous ne pouvons communiquer sur nos exp\u00e9riences. Faites nous parvenir votre CV plus lettre de motivation au format PDF, \u00e0 l&rsquo;adresse suivante :christelle.paille@exmcompany.com<\/p>\n","protected":false},"author":1,"featured_media":0,"parent":0,"menu_order":0,"comment_status":"closed","ping_status":"closed","template":"","meta":{"site-sidebar-layout":"no-sidebar","site-content-layout":"","ast-site-content-layout":"full-width-container","site-content-style":"default","site-sidebar-style":"default","ast-global-header-display":"","ast-banner-title-visibility":"","ast-main-header-display":"","ast-hfb-above-header-display":"","ast-hfb-below-header-display":"","ast-hfb-mobile-header-display":"","site-post-title":"disabled","ast-breadcrumbs-content":"","ast-featured-img":"disabled","footer-sml-layout":"","theme-transparent-header-meta":"","adv-header-id-meta":"","stick-header-meta":"","header-above-stick-meta":"","header-main-stick-meta":"","header-below-stick-meta":"","astra-migrate-meta-layouts":"default","ast-page-background-enabled":"default","ast-page-background-meta":{"desktop":{"background-color":"var(--ast-global-color-4)","background-image":"","background-repeat":"repeat","background-position":"center center","background-size":"auto","background-attachment":"scroll","background-type":"","background-media":"","overlay-type":"","overlay-color":"","overlay-gradient":""},"tablet":{"background-color":"","background-image":"","background-repeat":"repeat","background-position":"center center","background-size":"auto","background-attachment":"scroll","background-type":"","background-media":"","overlay-type":"","overlay-color":"","overlay-gradient":""},"mobile":{"background-color":"","background-image":"","background-repeat":"repeat","background-position":"center center","background-size":"auto","background-attachment":"scroll","background-type":"","background-media":"","overlay-type":"","overlay-color":"","overlay-gradient":""}},"ast-content-background-meta":{"desktop":{"background-color":"var(--ast-global-color-5)","background-image":"","background-repeat":"repeat","background-position":"center center","background-size":"auto","background-attachment":"scroll","background-type":"","background-media":"","overlay-type":"","overlay-color":"","overlay-gradient":""},"tablet":{"background-color":"var(--ast-global-color-5)","background-image":"","background-repeat":"repeat","background-position":"center center","background-size":"auto","background-attachment":"scroll","background-type":"","background-media":"","overlay-type":"","overlay-color":"","overlay-gradient":""},"mobile":{"background-color":"var(--ast-global-color-5)","background-image":"","background-repeat":"repeat","background-position":"center center","background-size":"auto","background-attachment":"scroll","background-type":"","background-media":"","overlay-type":"","overlay-color":"","overlay-gradient":""}},"footnotes":""},"class_list":["post-892","page","type-page","status-publish","hentry"],"_links":{"self":[{"href":"https:\/\/www.exmcompany.com\/index.php\/wp-json\/wp\/v2\/pages\/892","targetHints":{"allow":["GET"]}}],"collection":[{"href":"https:\/\/www.exmcompany.com\/index.php\/wp-json\/wp\/v2\/pages"}],"about":[{"href":"https:\/\/www.exmcompany.com\/index.php\/wp-json\/wp\/v2\/types\/page"}],"author":[{"embeddable":true,"href":"https:\/\/www.exmcompany.com\/index.php\/wp-json\/wp\/v2\/users\/1"}],"replies":[{"embeddable":true,"href":"https:\/\/www.exmcompany.com\/index.php\/wp-json\/wp\/v2\/comments?post=892"}],"version-history":[{"count":11,"href":"https:\/\/www.exmcompany.com\/index.php\/wp-json\/wp\/v2\/pages\/892\/revisions"}],"predecessor-version":[{"id":910,"href":"https:\/\/www.exmcompany.com\/index.php\/wp-json\/wp\/v2\/pages\/892\/revisions\/910"}],"wp:attachment":[{"href":"https:\/\/www.exmcompany.com\/index.php\/wp-json\/wp\/v2\/media?parent=892"}],"curies":[{"name":"wp","href":"https:\/\/api.w.org\/{rel}","templated":true}]}}